{"id":399,"date":"2026-02-26T04:47:44","date_gmt":"2026-02-26T02:47:44","guid":{"rendered":"https:\/\/farukgaric.com\/?page_id=399"},"modified":"2026-02-26T04:48:57","modified_gmt":"2026-02-26T02:48:57","slug":"impressum","status":"publish","type":"page","link":"https:\/\/farukgaric.com\/bs\/impressum\/","title":{"rendered":"Impressum"},"content":{"rendered":"<p>Angaben gem\u00e4\u00df \u00a7 5 TMG<\/p>\n\n\n\n<p><strong>Faruk Gari\u0107<\/strong><br>Einzelunternehmer (Kleinunternehmer gem\u00e4\u00df \u00a7 19 UStG)<\/p>\n\n\n\n<p>Katharina-Boll-Dornberger-Stra\u00dfe 10<br>12489 Berlin<br>Deutschland<\/p>\n\n\n\n<p>Telefon: +49 153 10 1111 89<br>E-Mail: <a>info@farukgaric.com<\/a><br>Website: <a href=\"https:\/\/farukgaric.com\/bs\/\">https:\/\/farukgaric.com<\/a><\/p>\n\n\n\n<hr class=\"wp-block-separator has-alpha-channel-opacity\"\/>\n\n\n\n<h2 class=\"wp-block-heading\">Umsatzsteuer<\/h2>\n\n\n\n<p>Gem\u00e4\u00df \u00a7 19 UStG wird keine Umsatzsteuer berechnet (Kleinunternehmerregelung).<br>Eine Umsatzsteuer-Identifikationsnummer liegt nicht vor.<\/p>\n\n\n\n<hr class=\"wp-block-separator has-alpha-channel-opacity\"\/>\n\n\n\n<h2 class=\"wp-block-heading\">Verantwortlich f\u00fcr den Inhalt nach \u00a7 55 Abs. 2 RStV<\/h2>\n\n\n\n<p>Faruk Gari\u0107<br>Katharina-Boll-Dornberger-Stra\u00dfe 10<br>12489 Berlin<br>Deutschland<\/p>\n\n\n\n<hr class=\"wp-block-separator has-alpha-channel-opacity\"\/>\n\n\n\n<h2 class=\"wp-block-heading\">EU-Streitschlichtung<\/h2>\n\n\n\n<p>Die Europ\u00e4ische Kommission stellt eine Plattform zur Online-Streitbeilegung (OS) bereit:<br><a>https:\/\/ec.europa.eu\/consumers\/odr\/<\/a><\/p>\n\n\n\n<p>Wir sind nicht verpflichtet und nicht bereit, an Streitbeilegungsverfahren vor einer Verbraucherschlichtungsstelle teilzunehmen.<\/p>","protected":false},"excerpt":{"rendered":"<p>Angaben gem\u00e4\u00df \u00a7 5 TMG Faruk Gari\u0107Einzelunternehmer (Kleinunternehmer gem\u00e4\u00df \u00a7 19 UStG) Katharina-Boll-Dornberger-Stra\u00dfe 1012489 BerlinDeutschland Telefon: +49 153 10 1111 89E-Mail: info@farukgaric.comWebsite: https:\/\/farukgaric.com Umsatzsteuer Gem\u00e4\u00df \u00a7 19 UStG wird keine Umsatzsteuer berechnet (Kleinunternehmerregelung).Eine Umsatzsteuer-Identifikationsnummer liegt nicht vor. Verantwortlich f\u00fcr den Inhalt nach \u00a7 55 Abs. 2 RStV Faruk Gari\u0107Katharina-Boll-Dornberger-Stra\u00dfe 1012489 BerlinDeutschland EU-Streitschlichtung Die Europ\u00e4ische Kommission [&hellip;]<\/p>\n","protected":false},"author":1,"featured_media":0,"parent":0,"menu_order":0,"comment_status":"closed","ping_status":"closed","template":"","meta":{"footnotes":""},"class_list":["post-399","page","type-page","status-publish","hentry"],"_links":{"self":[{"href":"https:\/\/farukgaric.com\/bs\/wp-json\/wp\/v2\/pages\/399","targetHints":{"allow":["GET"]}}],"collection":[{"href":"https:\/\/farukgaric.com\/bs\/wp-json\/wp\/v2\/pages"}],"about":[{"href":"https:\/\/farukgaric.com\/bs\/wp-json\/wp\/v2\/types\/page"}],"author":[{"embeddable":true,"href":"https:\/\/farukgaric.com\/bs\/wp-json\/wp\/v2\/users\/1"}],"replies":[{"embeddable":true,"href":"https:\/\/farukgaric.com\/bs\/wp-json\/wp\/v2\/comments?post=399"}],"version-history":[{"count":2,"href":"https:\/\/farukgaric.com\/bs\/wp-json\/wp\/v2\/pages\/399\/revisions"}],"predecessor-version":[{"id":405,"href":"https:\/\/farukgaric.com\/bs\/wp-json\/wp\/v2\/pages\/399\/revisions\/405"}],"wp:attachment":[{"href":"https:\/\/farukgaric.com\/bs\/wp-json\/wp\/v2\/media?parent=399"}],"curies":[{"name":"wp","href":"https:\/\/api.w.org\/{rel}","templated":true}]}}